{"id":18676,"date":"2021-07-20T16:23:16","date_gmt":"2021-07-20T13:23:16","guid":{"rendered":"https:\/\/reciclador.green\/?page_id=18676"},"modified":"2024-06-28T16:47:42","modified_gmt":"2024-06-28T13:47:42","slug":"circular-economy-2","status":"publish","type":"page","link":"https:\/\/reciclador.green\/en\/circular-economy-2\/","title":{"rendered":"Circular economy"},"content":{"rendered":"<div id='layer_slider_1'  class='avia-layerslider main_color avia-shadow  avia-builder-el-0  el_before_av_section  avia-builder-el-first  container_wrap sidebar_right'  style='height: 281px;'  ><\/div>\n<div id='av_section_1'  class='avia-section av-av_section-46ce1733c35ae24b9d75b0cc88a8631c main_color avia-section-default avia-no-border-styling  avia-builder-el-1  el_after_av_layerslider  el_before_av_layerslider  avia-bg-style-scroll container_wrap sidebar_right'  ><div class='container av-section-cont-open' ><div class='template-page content  av-content-small alpha units'><div class='post-entry post-entry-type-page post-entry-18676'><div class='entry-content-wrapper clearfix'>\n\n<style type=\"text\/css\" data-created_by=\"avia_inline_auto\" id=\"style-css-av-av_two_third-53b0b300fb3685750664fb085c5ad19d\">\n.flex_column.av-av_two_third-53b0b300fb3685750664fb085c5ad19d{\nborder-radius:0px 0px 0px 0px;\npadding:0px 0px 0px 0px;\n}\n<\/style>\n<div  class='flex_column av-av_two_third-53b0b300fb3685750664fb085c5ad19d av_two_third  avia-builder-el-2  el_before_av_one_third  avia-builder-el-first  first flex_column_div av-zero-column-padding  '     ><p><section  class='av_textblock_section av-aayq8np-056577fb8e1db0278fc4193717ff613c '   itemscope=\"itemscope\" itemtype=\"https:\/\/schema.org\/CreativeWork\" ><div class='avia_textblock'  itemprop=\"text\" ><p>The European Directives, the Action Plan for the Circular Economy and the European Green Pact draw clear directions for a cleaner, more competitive, more sustainable Europe.<\/p>\n<p>The main enabler of sustainability is the Circular Economy.<\/p>\n<p>The industrialization of the circular economy concept is a great challenge both for industry and for all other constituents of the business environment.<\/p>\n<p>Through the Circular Economy Training, as well as through the other information we provide, we aim to be a permanent source of information and inspiration for Romanian society in the transition to the circular economy.<\/p>\n<\/div><\/section><br \/>\n<div  class='hr av-a3nzned-42e351fb4847ef66c79f6d926100dfef hr-default  avia-builder-el-4  el_after_av_textblock  el_before_av_image '><span class='hr-inner '><span class=\"hr-inner-style\"><\/span><\/span><\/div><br \/>\n\n<style type=\"text\/css\" data-created_by=\"avia_inline_auto\" id=\"style-css-av-8wmagwl-032b595faacf41403dbd74a9512a3c2f\">\n.avia-image-container.av-8wmagwl-032b595faacf41403dbd74a9512a3c2f img.avia_image{\nbox-shadow:none;\n}\n.avia-image-container.av-8wmagwl-032b595faacf41403dbd74a9512a3c2f .av-image-caption-overlay-center{\ncolor:#ffffff;\n}\n<\/style>\n<div  class='avia-image-container av-8wmagwl-032b595faacf41403dbd74a9512a3c2f av-styling- av-img-linked avia-align-center  avia-builder-el-5  el_after_av_hr  el_before_av_textblock '   itemprop=\"image\" itemscope=\"itemscope\" itemtype=\"https:\/\/schema.org\/ImageObject\" ><div class=\"avia-image-container-inner\"><div class=\"avia-image-overlay-wrap\"><a href=\"https:\/\/reciclador.green\/evenimente\/\" class='avia_image ' target=\"_blank\" rel=\"noopener noreferrer\" aria-label='Untitled Design (8)'><img decoding=\"async\" fetchpriority=\"high\" class='wp-image-16348 avia-img-lazy-loading-not-16348 avia_image ' src=\"https:\/\/reciclador.green\/wp-content\/uploads\/2021\/07\/Untitled-Design-8-1-300x225.jpg\" alt='' title='Untitled Design (8)'  height=\"225\" width=\"300\"  itemprop=\"thumbnailUrl\" srcset=\"https:\/\/reciclador.green\/wp-content\/uploads\/2021\/07\/Untitled-Design-8-1-300x225.jpg 300w, https:\/\/reciclador.green\/wp-content\/uploads\/2021\/07\/Untitled-Design-8-1-1030x773.jpg 1030w, https:\/\/reciclador.green\/wp-content\/uploads\/2021\/07\/Untitled-Design-8-1-768x576.jpg 768w, https:\/\/reciclador.green\/wp-content\/uploads\/2021\/07\/Untitled-Design-8-1-705x529.jpg 705w, https:\/\/reciclador.green\/wp-content\/uploads\/2021\/07\/Untitled-Design-8-1.jpg 1200w\" sizes=\"(max-width: 300px) 100vw, 300px\" \/><\/a><\/div><\/div><\/div><br \/>\n<section  class='av_textblock_section av-801xtmd-2454842084594f45a5da00d3f309f9e6 '   itemscope=\"itemscope\" itemtype=\"https:\/\/schema.org\/CreativeWork\" ><div class='avia_textblock'  itemprop=\"text\" ><p>The Circular Economy training is a unique training, addressed to the industry and offered free of charge to Reciclad&#8217;OR partners (producers\/importers\/distributors).<\/p>\n<p>The training contains 5 modules that include: concepts, principles and drivers specific to the circular economy, methodologies and tools for identifying opportunities for circularity, elements of innovation and aspects related to the transformation of organizational culture and change management.<\/p>\n<p><strong>Why should I participate?<\/strong><\/p>\n<ul>\n<li>To understand the circular economy from concept to applicability.<\/li>\n<li>To identify opportunities for circularity of the business model.<\/li>\n<li>To identify future risks and develop the circular economy strategy.<\/li>\n<\/ul>\n<p><a href=\"https:\/\/reciclador.green\/evenimente\/\" target=\"_blank\" rel=\"noopener\"><b>SIGN UP HERE!<\/b><\/a><\/p>\n<\/div><\/section><br \/>\n<div  class='hr av-7t1i14l-1f368323e0dfa7e71cf09c9238ab711d hr-default  avia-builder-el-7  el_after_av_textblock  el_before_av_image '><span class='hr-inner '><span class=\"hr-inner-style\"><\/span><\/span><\/div><br \/>\n\n<style type=\"text\/css\" data-created_by=\"avia_inline_auto\" id=\"style-css-av-6lrrhyt-442efe04e8038a50fbbb7cc0729fde7b\">\n.avia-image-container.av-6lrrhyt-442efe04e8038a50fbbb7cc0729fde7b img.avia_image{\nbox-shadow:none;\n}\n.avia-image-container.av-6lrrhyt-442efe04e8038a50fbbb7cc0729fde7b .av-image-caption-overlay-center{\ncolor:#ffffff;\n}\n<\/style>\n<div  class='avia-image-container av-6lrrhyt-442efe04e8038a50fbbb7cc0729fde7b av-styling- av-img-linked avia-align-center  avia-builder-el-8  el_after_av_hr  el_before_av_textblock '   itemprop=\"image\" itemscope=\"itemscope\" itemtype=\"https:\/\/schema.org\/ImageObject\" ><div class=\"avia-image-container-inner\"><div class=\"avia-image-overlay-wrap\"><a href=\"https:\/\/reciclador.green\/best-practice\/\" class='avia_image ' target=\"_blank\" rel=\"noopener noreferrer\" aria-label='Untitled Design'><img decoding=\"async\" fetchpriority=\"high\" class='wp-image-17152 avia-img-lazy-loading-not-17152 avia_image ' src=\"https:\/\/reciclador.green\/wp-content\/uploads\/2021\/10\/Untitled-Design-11-300x225.jpg\" alt='' title='Untitled Design'  height=\"225\" width=\"300\"  itemprop=\"thumbnailUrl\" srcset=\"https:\/\/reciclador.green\/wp-content\/uploads\/2021\/10\/Untitled-Design-11-300x225.jpg 300w, https:\/\/reciclador.green\/wp-content\/uploads\/2021\/10\/Untitled-Design-11-1030x773.jpg 1030w, https:\/\/reciclador.green\/wp-content\/uploads\/2021\/10\/Untitled-Design-11-768x576.jpg 768w, https:\/\/reciclador.green\/wp-content\/uploads\/2021\/10\/Untitled-Design-11-705x529.jpg 705w, https:\/\/reciclador.green\/wp-content\/uploads\/2021\/10\/Untitled-Design-11.jpg 1200w\" sizes=\"(max-width: 300px) 100vw, 300px\" \/><\/a><\/div><\/div><\/div><br \/>\n<section  class='av_textblock_section av-5l06r11-141fd0efd2e4f83a249b477e66200b67 '   itemscope=\"itemscope\" itemtype=\"https:\/\/schema.org\/CreativeWork\" ><div class='avia_textblock'  itemprop=\"text\" ><p>find a multitude of examples related to rethinking the packaging, redesigning the product and the business model.<\/p>\n<p>Access circular economy practices <strong><a href=\"https:\/\/reciclador.green\/best-practice\/\" target=\"_blank\" rel=\"noopener\">here<\/a>.<\/strong><\/p>\n<p>You can send us an example of circular economy, at <a href=\"mailto:economie.circulara@reciclador.green\">economie.circulara@reciclador.green<\/a> we will publish it immediately.<\/p>\n<\/div><\/section><\/p><\/div>\n<style type=\"text\/css\" data-created_by=\"avia_inline_auto\" id=\"style-css-av-av_one_third-7984035d50f0055e2d8c0f71fa3ebd04\">\n.flex_column.av-av_one_third-7984035d50f0055e2d8c0f71fa3ebd04{\nborder-radius:0px 0px 0px 0px;\npadding:0px 0px 0px 0px;\n}\n<\/style>\n<div  class='flex_column av-av_one_third-7984035d50f0055e2d8c0f71fa3ebd04 av_one_third  avia-builder-el-10  el_after_av_two_third  avia-builder-el-last  flex_column_div av-zero-column-padding  '     ><p>\n<style type=\"text\/css\" data-created_by=\"avia_inline_auto\" id=\"style-css-av-2ddbxat-04f037e5b051c6e02da259dac8adce1e\">\n#top .av-special-heading.av-2ddbxat-04f037e5b051c6e02da259dac8adce1e{\npadding-bottom:10px;\n}\nbody .av-special-heading.av-2ddbxat-04f037e5b051c6e02da259dac8adce1e .av-special-heading-tag .heading-char{\nfont-size:25px;\n}\n.av-special-heading.av-2ddbxat-04f037e5b051c6e02da259dac8adce1e .av-subheading{\nfont-size:15px;\n}\n<\/style>\n<div  class='av-special-heading av-2ddbxat-04f037e5b051c6e02da259dac8adce1e av-special-heading-h3 blockquote modern-quote modern-centered  avia-builder-el-11  el_before_av_testimonials  avia-builder-el-first '><h3 class='av-special-heading-tag '  itemprop=\"headline\"  >Feedback<\/h3><div class=\"special-heading-border\"><div class=\"special-heading-inner-border\"><\/div><\/div><\/div><br \/>\n<div  class='avia-testimonial-wrapper av-8837qt-2fd3d4b550ab6f2792699ad1c455b7fb avia-grid-testimonials avia-grid-1-testimonials avia_animate_when_almost_visible' >\n<section class=\"avia-testimonial-row\"><div class='avia-testimonial av-1rga59x-59b65846cb7e567e4b26a2643e922700 avia-testimonial-row-1 avia-first-testimonial flex_column no_margin av_one_full'><div class='avia-testimonial_inner'  itemscope=\"itemscope\" itemtype=\"https:\/\/schema.org\/CreativeWork\" ><div class='avia-testimonial-content '><div class='avia-testimonial-markup-entry-content'  itemprop=\"text\" ><p>Un curs foarte bine structurat care a furnizat prin intermediul echipei Reciclad&#8217;OR informa\u021bii utile, explicate astfel \u00eenc\u00e2t au putut fi in\u021belese foarte u\u0219or.<br \/>\nOrganizarea impecabil\u0103! Am s\u0103 revin cu siguran\u021b\u0103 pe viitor \u0219i la alte training-uri organizate de echipa dumneavoastr\u0103.<\/p>\n<\/div><\/div><div class=\"avia-testimonial-meta\"><div class=\"avia-testimonial-arrow-wrap\"><div class=\"avia-arrow\"><\/div><\/div><div class='avia-testimonial-meta-mini'  itemprop=\"author\" itemscope=\"itemscope\" itemtype=\"https:\/\/schema.org\/Person\" ><strong  class='avia-testimonial-name'  itemprop=\"name\" >Daniela Niculae<\/strong><span  class='avia-testimonial-subtitle '  itemprop=\"jobTitle\" >Responsabil SSM \/Mediu - Siemens Energy<\/span><\/div><\/div><\/div><\/div><\/section>\n<section class=\"avia-testimonial-row\"><div class='avia-testimonial av-4h8j85-cdcb601d1f0df7247092c8463e46f226 avia-testimonial-row-2 avia-first-testimonial flex_column no_margin av_one_full'><div class='avia-testimonial_inner'  itemscope=\"itemscope\" itemtype=\"https:\/\/schema.org\/CreativeWork\" ><div class='avia-testimonial-content '><div class='avia-testimonial-markup-entry-content'  itemprop=\"text\" ><p>V\u0103 mul\u021bumesc frumos pentru instruirea din data de 15 iulie. A fost foarte interesant. Mi-a ridicat multe probleme, pe care voi \u00eencerca s\u0103 le analizez, dar cel mai important este faptul c\u0103 am \u00een\u021beles ceea ce \u00eenseamn\u0103 economia circular\u0103 \u0219i am \u00eenv\u0103\u021bat cum s-o abordez.<\/p>\n<\/div><\/div><div class=\"avia-testimonial-meta\"><div class=\"avia-testimonial-arrow-wrap\"><div class=\"avia-arrow\"><\/div><\/div><div class='avia-testimonial-meta-mini'  itemprop=\"author\" itemscope=\"itemscope\" itemtype=\"https:\/\/schema.org\/Person\" ><strong  class='avia-testimonial-name'  itemprop=\"name\" >Badita Daniela<\/strong><span  class='avia-testimonial-subtitle '  itemprop=\"jobTitle\" >Manager Calitate - Kandia Dulce<\/span><\/div><\/div><\/div><\/div><\/section>\n<section class=\"avia-testimonial-row\"><div class='avia-testimonial av-krem36ki-4a278edc8526113ebcbbe2f0f532b04c avia-testimonial-row-3 avia-first-testimonial flex_column no_margin av_one_full'><div class='avia-testimonial_inner'  itemscope=\"itemscope\" itemtype=\"https:\/\/schema.org\/CreativeWork\" ><div class='avia-testimonial-content '><div class='avia-testimonial-markup-entry-content'  itemprop=\"text\" ><p>Modul de desf\u0103\u0219urare a trainingului a fost echilibrat din toate punctele de vedere&#8230;informa\u021bii, interec\u021biune, particularizare \u00een func\u021bie de domeniul de activitate.<br \/>\nInforma\u021biile transmise din punct de vedere al legisla\u021biei au fost pe \u00een\u021belesul tuturor.<br \/>\nPe \u00eentreaga durat\u0103 a trainingului s-a creat un mediu prietenos \u0219i \u00een acela\u0219i timp profesional.<br \/>\nTotul s-a ridicat la un \u00eenalt standard , prin profesionalism \u0219i informa\u021bie.<\/p>\n<\/div><\/div><div class=\"avia-testimonial-meta\"><div class=\"avia-testimonial-arrow-wrap\"><div class=\"avia-arrow\"><\/div><\/div><div class='avia-testimonial-meta-mini'  itemprop=\"author\" itemscope=\"itemscope\" itemtype=\"https:\/\/schema.org\/Person\" ><strong  class='avia-testimonial-name'  itemprop=\"name\" >Ghimpu Madalina<\/strong><span  class='avia-testimonial-subtitle '  itemprop=\"jobTitle\" >Sef departament protectia mediului - SC FABRICA DE LAPTE BRASOV SA<\/span><\/div><\/div><\/div><\/div><\/section>\n<section class=\"avia-testimonial-row\"><div class='avia-testimonial av-krem3xx4-ee176689425be4f0780fe1e230111880 avia-testimonial-row-4 avia-first-testimonial flex_column no_margin av_one_full'><div class='avia-testimonial_inner'  itemscope=\"itemscope\" itemtype=\"https:\/\/schema.org\/CreativeWork\" ><div class='avia-testimonial-content '><div class='avia-testimonial-markup-entry-content'  itemprop=\"text\" ><p>Felicit\u0103ri pentru ini\u021biativa de a organiza acest training. Informa\u021bii noi \u0219i utile prezentate \u00eentr-o abordare concret\u0103.<\/p>\n<\/div><\/div><div class=\"avia-testimonial-meta\"><div class=\"avia-testimonial-arrow-wrap\"><div class=\"avia-arrow\"><\/div><\/div><div class='avia-testimonial-meta-mini'  itemprop=\"author\" itemscope=\"itemscope\" itemtype=\"https:\/\/schema.org\/Person\" ><strong  class='avia-testimonial-name'  itemprop=\"name\" >Adriana Puscasu<\/strong><span  class='avia-testimonial-subtitle '  itemprop=\"jobTitle\" >Quality Manager - Siemens SRL<\/span><\/div><\/div><\/div><\/div><\/section>\n<section class=\"avia-testimonial-row\"><div class='avia-testimonial av-krem55vq-ce8ecbbfa5e7bd6e98ade910cb42084d avia-testimonial-row-5 avia-first-testimonial flex_column no_margin av_one_full'><div class='avia-testimonial_inner'  itemscope=\"itemscope\" itemtype=\"https:\/\/schema.org\/CreativeWork\" ><div class='avia-testimonial-content '><div class='avia-testimonial-markup-entry-content'  itemprop=\"text\" ><p>A fost un training foarte interesant, unde am acumulat destul de multe informa\u021bii utile. Acestea au fost explicate simplu \u0219i eficient. Ma bucur c\u0103 am participat \u0219i sper s\u0103 mai am o astfel de ocazie pe viitor.<\/p>\n<\/div><\/div><div class=\"avia-testimonial-meta\"><div class=\"avia-testimonial-arrow-wrap\"><div class=\"avia-arrow\"><\/div><\/div><div class='avia-testimonial-meta-mini'  itemprop=\"author\" itemscope=\"itemscope\" itemtype=\"https:\/\/schema.org\/Person\" ><strong  class='avia-testimonial-name'  itemprop=\"name\" >Dragu Alexandra Gabriela<\/strong><span  class='avia-testimonial-subtitle '  itemprop=\"jobTitle\" >Responsabil Ape si Deseuri - SC Rompetrol Downstream SRL<\/span><\/div><\/div><\/div><\/div><\/section>\n<\/div><\/p><\/div><\/div><\/div><\/div><!-- close content main div --><\/div><\/div><div id='layer_slider_2'  class='avia-layerslider main_color avia-shadow  avia-builder-el-13  el_after_av_section  avia-builder-el-last  slider-not-first container_wrap sidebar_right'  style='height: 476px; max-width: 1140px; margin: 0 auto;'  ><\/div><\/p>\n","protected":false},"excerpt":{"rendered":"","protected":false},"author":4,"featured_media":0,"parent":0,"menu_order":0,"comment_status":"closed","ping_status":"closed","template":"","meta":{"footnotes":"","_links_to":"","_links_to_target":""},"class_list":["post-18676","page","type-page","status-publish","hentry"],"yoast_head":"<!-- This site is optimized with the Yoast SEO plugin v27.4 - https:\/\/yoast.com\/product\/yoast-seo-wordpress\/ -->\n<title>Circular economy - Reciclad&#039;OR - Recicleaz\u0103 inteligent<\/title>\n<meta name=\"robots\" content=\"index, follow, max-snippet:-1, max-image-preview:large, max-video-preview:-1\" \/>\n<link rel=\"canonical\" href=\"https:\/\/reciclador.green\/en\/circular-economy-2\/\" \/>\n<meta property=\"og:locale\" content=\"en_US\" \/>\n<meta property=\"og:type\" content=\"article\" \/>\n<meta property=\"og:title\" content=\"Circular economy - Reciclad&#039;OR - Recicleaz\u0103 inteligent\" \/>\n<meta property=\"og:url\" content=\"https:\/\/reciclador.green\/en\/circular-economy-2\/\" \/>\n<meta property=\"og:site_name\" content=\"Reciclad&#039;OR - Recicleaz\u0103 inteligent\" \/>\n<meta property=\"article:publisher\" content=\"https:\/\/www.facebook.com\/reciclador.green\/\" \/>\n<meta property=\"article:modified_time\" content=\"2024-06-28T13:47:42+00:00\" \/>\n<meta property=\"og:image\" content=\"https:\/\/reciclador.green\/wp-content\/uploads\/2018\/03\/Pedaleaza-si-recicleaza-Reciclador-1.jpg\" \/>\n\t<meta property=\"og:image:width\" content=\"1200\" \/>\n\t<meta property=\"og:image:height\" content=\"800\" \/>\n\t<meta property=\"og:image:type\" content=\"image\/jpeg\" \/>\n<meta name=\"twitter:card\" content=\"summary_large_image\" \/>\n<meta name=\"twitter:label1\" content=\"Est. reading time\" \/>\n\t<meta name=\"twitter:data1\" content=\"5 minutes\" \/>\n<script type=\"application\/ld+json\" class=\"yoast-schema-graph\">{\"@context\":\"https:\\\/\\\/schema.org\",\"@graph\":[{\"@type\":\"WebPage\",\"@id\":\"https:\\\/\\\/reciclador.green\\\/en\\\/circular-economy-2\\\/\",\"url\":\"https:\\\/\\\/reciclador.green\\\/en\\\/circular-economy-2\\\/\",\"name\":\"Circular economy - Reciclad&#039;OR - Recicleaz\u0103 inteligent\",\"isPartOf\":{\"@id\":\"https:\\\/\\\/reciclador.green\\\/#website\"},\"datePublished\":\"2021-07-20T13:23:16+00:00\",\"dateModified\":\"2024-06-28T13:47:42+00:00\",\"breadcrumb\":{\"@id\":\"https:\\\/\\\/reciclador.green\\\/en\\\/circular-economy-2\\\/#breadcrumb\"},\"inLanguage\":\"en-US\",\"potentialAction\":[{\"@type\":\"ReadAction\",\"target\":[\"https:\\\/\\\/reciclador.green\\\/en\\\/circular-economy-2\\\/\"]}]},{\"@type\":\"BreadcrumbList\",\"@id\":\"https:\\\/\\\/reciclador.green\\\/en\\\/circular-economy-2\\\/#breadcrumb\",\"itemListElement\":[{\"@type\":\"ListItem\",\"position\":1,\"name\":\"Prima pagin\u0103\",\"item\":\"https:\\\/\\\/reciclador.green\\\/en\\\/\"},{\"@type\":\"ListItem\",\"position\":2,\"name\":\"Circular economy\"}]},{\"@type\":\"WebSite\",\"@id\":\"https:\\\/\\\/reciclador.green\\\/#website\",\"url\":\"https:\\\/\\\/reciclador.green\\\/\",\"name\":\"Reciclad&#039;OR - Recicleaz\u0103 inteligent\",\"description\":\"Reciclare, protec\u021bia mediului, colectare selectiv\u0103\",\"publisher\":{\"@id\":\"https:\\\/\\\/reciclador.green\\\/#organization\"},\"potentialAction\":[{\"@type\":\"SearchAction\",\"target\":{\"@type\":\"EntryPoint\",\"urlTemplate\":\"https:\\\/\\\/reciclador.green\\\/?s={search_term_string}\"},\"query-input\":{\"@type\":\"PropertyValueSpecification\",\"valueRequired\":true,\"valueName\":\"search_term_string\"}}],\"inLanguage\":\"en-US\"},{\"@type\":\"Organization\",\"@id\":\"https:\\\/\\\/reciclador.green\\\/#organization\",\"name\":\"Reciclad'OR\",\"url\":\"https:\\\/\\\/reciclador.green\\\/\",\"logo\":{\"@type\":\"ImageObject\",\"inLanguage\":\"en-US\",\"@id\":\"https:\\\/\\\/reciclador.green\\\/#\\\/schema\\\/logo\\\/image\\\/\",\"url\":\"https:\\\/\\\/reciclador.green\\\/wp-content\\\/uploads\\\/2025\\\/12\\\/logo-reciclador.png\",\"contentUrl\":\"https:\\\/\\\/reciclador.green\\\/wp-content\\\/uploads\\\/2025\\\/12\\\/logo-reciclador.png\",\"width\":696,\"height\":696,\"caption\":\"Reciclad'OR\"},\"image\":{\"@id\":\"https:\\\/\\\/reciclador.green\\\/#\\\/schema\\\/logo\\\/image\\\/\"},\"sameAs\":[\"https:\\\/\\\/www.facebook.com\\\/reciclador.green\\\/\",\"https:\\\/\\\/www.instagram.com\\\/reciclador.green\\\/\",\"https:\\\/\\\/www.linkedin.com\\\/company\\\/reciclad-or\\\/\"]}]}<\/script>\n<!-- \/ Yoast SEO plugin. -->","yoast_head_json":{"title":"Circular economy - Reciclad&#039;OR - Recicleaz\u0103 inteligent","robots":{"index":"index","follow":"follow","max-snippet":"max-snippet:-1","max-image-preview":"max-image-preview:large","max-video-preview":"max-video-preview:-1"},"canonical":"https:\/\/reciclador.green\/en\/circular-economy-2\/","og_locale":"en_US","og_type":"article","og_title":"Circular economy - Reciclad&#039;OR - Recicleaz\u0103 inteligent","og_url":"https:\/\/reciclador.green\/en\/circular-economy-2\/","og_site_name":"Reciclad&#039;OR - Recicleaz\u0103 inteligent","article_publisher":"https:\/\/www.facebook.com\/reciclador.green\/","article_modified_time":"2024-06-28T13:47:42+00:00","og_image":[{"width":1200,"height":800,"url":"https:\/\/reciclador.green\/wp-content\/uploads\/2018\/03\/Pedaleaza-si-recicleaza-Reciclador-1.jpg","type":"image\/jpeg"}],"twitter_card":"summary_large_image","twitter_misc":{"Est. reading time":"5 minutes"},"schema":{"@context":"https:\/\/schema.org","@graph":[{"@type":"WebPage","@id":"https:\/\/reciclador.green\/en\/circular-economy-2\/","url":"https:\/\/reciclador.green\/en\/circular-economy-2\/","name":"Circular economy - Reciclad&#039;OR - Recicleaz\u0103 inteligent","isPartOf":{"@id":"https:\/\/reciclador.green\/#website"},"datePublished":"2021-07-20T13:23:16+00:00","dateModified":"2024-06-28T13:47:42+00:00","breadcrumb":{"@id":"https:\/\/reciclador.green\/en\/circular-economy-2\/#breadcrumb"},"inLanguage":"en-US","potentialAction":[{"@type":"ReadAction","target":["https:\/\/reciclador.green\/en\/circular-economy-2\/"]}]},{"@type":"BreadcrumbList","@id":"https:\/\/reciclador.green\/en\/circular-economy-2\/#breadcrumb","itemListElement":[{"@type":"ListItem","position":1,"name":"Prima pagin\u0103","item":"https:\/\/reciclador.green\/en\/"},{"@type":"ListItem","position":2,"name":"Circular economy"}]},{"@type":"WebSite","@id":"https:\/\/reciclador.green\/#website","url":"https:\/\/reciclador.green\/","name":"Reciclad&#039;OR - Recicleaz\u0103 inteligent","description":"Reciclare, protec\u021bia mediului, colectare selectiv\u0103","publisher":{"@id":"https:\/\/reciclador.green\/#organization"},"potentialAction":[{"@type":"SearchAction","target":{"@type":"EntryPoint","urlTemplate":"https:\/\/reciclador.green\/?s={search_term_string}"},"query-input":{"@type":"PropertyValueSpecification","valueRequired":true,"valueName":"search_term_string"}}],"inLanguage":"en-US"},{"@type":"Organization","@id":"https:\/\/reciclador.green\/#organization","name":"Reciclad'OR","url":"https:\/\/reciclador.green\/","logo":{"@type":"ImageObject","inLanguage":"en-US","@id":"https:\/\/reciclador.green\/#\/schema\/logo\/image\/","url":"https:\/\/reciclador.green\/wp-content\/uploads\/2025\/12\/logo-reciclador.png","contentUrl":"https:\/\/reciclador.green\/wp-content\/uploads\/2025\/12\/logo-reciclador.png","width":696,"height":696,"caption":"Reciclad'OR"},"image":{"@id":"https:\/\/reciclador.green\/#\/schema\/logo\/image\/"},"sameAs":["https:\/\/www.facebook.com\/reciclador.green\/","https:\/\/www.instagram.com\/reciclador.green\/","https:\/\/www.linkedin.com\/company\/reciclad-or\/"]}]}},"_links":{"self":[{"href":"https:\/\/reciclador.green\/en\/wp-json\/wp\/v2\/pages\/18676","targetHints":{"allow":["GET"]}}],"collection":[{"href":"https:\/\/reciclador.green\/en\/wp-json\/wp\/v2\/pages"}],"about":[{"href":"https:\/\/reciclador.green\/en\/wp-json\/wp\/v2\/types\/page"}],"author":[{"embeddable":true,"href":"https:\/\/reciclador.green\/en\/wp-json\/wp\/v2\/users\/4"}],"replies":[{"embeddable":true,"href":"https:\/\/reciclador.green\/en\/wp-json\/wp\/v2\/comments?post=18676"}],"version-history":[{"count":8,"href":"https:\/\/reciclador.green\/en\/wp-json\/wp\/v2\/pages\/18676\/revisions"}],"predecessor-version":[{"id":43431,"href":"https:\/\/reciclador.green\/en\/wp-json\/wp\/v2\/pages\/18676\/revisions\/43431"}],"wp:attachment":[{"href":"https:\/\/reciclador.green\/en\/wp-json\/wp\/v2\/media?parent=18676"}],"curies":[{"name":"wp","href":"https:\/\/api.w.org\/{rel}","templated":true}]}}